{"id":15,"date":"2020-02-14T13:31:53","date_gmt":"2020-02-14T13:31:53","guid":{"rendered":"https:\/\/brandoncaritg.es\/?page_id=15"},"modified":"2026-04-06T10:26:45","modified_gmt":"2026-04-06T10:26:45","slug":"biografia","status":"publish","type":"page","link":"https:\/\/brandoncaritg.es\/ca\/biografia\/","title":{"rendered":"Biografia"},"content":{"rendered":"<div data-elementor-type=\"wp-page\" data-elementor-id=\"15\" class=\"elementor elementor-15\">\n\t\t\t\t\t\t<section class=\"elementor-section elementor-top-section elementor-element elementor-element-7885d93 elementor-section-boxed elementor-section-height-default elementor-section-height-default\" data-id=\"7885d93\" data-element_type=\"section\" data-settings=\"{&quot;background_background&quot;:&quot;classic&quot;}\">\n\t\t\t\t\t\t<div class=\"elementor-container elementor-column-gap-default\">\n\t\t\t\t\t<div class=\"elementor-column elementor-col-100 elementor-top-column elementor-element elementor-element-aca68de\" data-id=\"aca68de\" data-element_type=\"column\">\n\t\t\t<div class=\"elementor-widget-wrap elementor-element-populated\">\n\t\t\t\t\t\t<div class=\"elementor-element elementor-element-7157d47 elementor-widget elementor-widget-heading\" data-id=\"7157d47\" data-element_type=\"widget\" data-widget_type=\"heading.default\">\n\t\t\t\t<div class=\"elementor-widget-container\">\n\t\t\t<h2 class=\"elementor-heading-title elementor-size-default\">Aquesta \u00e9s la meva hist\u00f2ria.<\/h2>\t\t<\/div>\n\t\t\t\t<\/div>\n\t\t\t\t\t<\/div>\n\t\t<\/div>\n\t\t\t\t\t<\/div>\n\t\t<\/section>\n\t\t\t\t<section class=\"elementor-section elementor-top-section elementor-element elementor-element-11bd71a elementor-section-boxed elementor-section-height-default elementor-section-height-default\" data-id=\"11bd71a\" data-element_type=\"section\">\n\t\t\t\t\t\t<div class=\"elementor-container elementor-column-gap-default\">\n\t\t\t\t\t<div class=\"elementor-column elementor-col-100 elementor-top-column elementor-element elementor-element-7eac9a5\" data-id=\"7eac9a5\" data-element_type=\"column\">\n\t\t\t<div class=\"elementor-widget-wrap elementor-element-populated\">\n\t\t\t\t\t\t<div class=\"elementor-element elementor-element-170f1b7 elementor-widget__width-initial elementor-widget elementor-widget-text-editor\" data-id=\"170f1b7\" data-element_type=\"widget\" data-widget_type=\"text-editor.default\">\n\t\t\t\t<div class=\"elementor-widget-container\">\n\t\t\t\t\t\t\t<p>Em dic Brandon Caritg i la meva gran passi\u00f3 \u00e9s actuar. Porto des dels 16 anys formant-me com a actor i actualment estic realitzant els Estudis Superiors d&#039;Art Dram\u00e0tic a l&#039;Institut del Teatre a l&#039;especialitat de text. L&#039;any 2022 em vaig graduar en Estudis Superiors d&#039;Interpretaci\u00f3 a Plat\u00f3 de Cinema i des d&#039;aleshores he seguit formant-me, fent m\u00e9s de 20 cursos a escoles com la Sala Beckett, l&#039;Estudi Laura Jou, l&#039;Espai Philae, el Col\u00b7legi del Teatre, l&#039;Estudi Karloff, el Frank Stein Studio, el Teatre Estudi l&#039;Estrada\u2026 amb professors de gran prestigi.<\/p>\n<p>He treballat en diverses companyies i obres de teatre i, durant els darrers cinc anys, he participat en m\u00e9s de 40 curtmetratges i projectes audiovisuals.<\/p>\n<p>Quan vaig descobrir la interpretaci\u00f3, es va obrir un m\u00f3n dins meu. Un m\u00f3n que m&#039;ha ensenyat i aportat infinitat de coses (i que segueix i ho continuar\u00e0 fent, ja que \u00e9s una cosa que, per a mi, no t\u00e9 fi). \u00c9s la meva via per entendre el m\u00f3n, cosa que d\u00f3na sentit a la meva vida. \u00c9s una cosa del que ja no em puc desvincular.<\/p>\n<p>A banda d&#039;interpretar, en teatre o davant de c\u00e0mera, el meu altre gran inter\u00e8s recau, justament, sobretot del que hi ha darrere de les c\u00e0meres. Aix\u00ed que tamb\u00e9 m&#039;he format en cinema, i dirigeixo, gravo, edito, i realitzo diferents projectes sota el nom de BrandonCaritgProductions. All\u00e0 tamb\u00e9 hi incloc una altra de les meves passions, la fotografia.<\/p>\n<p>Per\u00f2 no tot es queda al cine. S\u00f3c una persona ambiciosa, amb moltes metes i objectius a la vida. Estic sempre en constant aprenentatge i tinc un ampli cercle d&#039;interessos i inquietuds que exploro dia a dia.<\/p>\n<p>Considero que el treball dur, l&#039;esfor\u00e7, la lluita i la passi\u00f3 s\u00f3n la clau per aconseguir all\u00f2 que es proposa.&nbsp;<\/p>\n<p>Tamb\u00e9 s\u00f3c una persona molt activa i m&#039;agrada estar en moviment constant, aix\u00ed que sempre estic a la recerca de nous projectes, nous reptes. Considero que cada experi\u00e8ncia m&#039;aporta alguna cosa nova i necess\u00e0ria, del que aprenc i em nodreixo.&nbsp;<\/p>\n<p>He creat aquesta p\u00e0gina web per tenir un registre dels meus treballs i de la meva evoluci\u00f3, i aix\u00ed fer-la servir com a eina per connectar-me amb vosaltres, perqu\u00e8 veieu qu\u00e8 faig i com ho faig.<\/p>\n<p>Aix\u00ed que benvinguts al meu petit m\u00f3n.<\/p>\n<p>Una abra\u00e7ada,<\/p>\n<p>Brandon Caritg<\/p>\t\t\t\t\t\t<\/div>\n\t\t\t\t<\/div>\n\t\t\t\t\t<\/div>\n\t\t<\/div>\n\t\t\t\t\t<\/div>\n\t\t<\/section>\n\t\t\t\t<section class=\"elementor-section elementor-top-section elementor-element elementor-element-92f0399 elementor-section-boxed elementor-section-height-default elementor-section-height-default\" data-id=\"92f0399\" data-element_type=\"section\">\n\t\t\t\t\t\t<div class=\"elementor-container elementor-column-gap-default\">\n\t\t\t\t\t<div class=\"elementor-column elementor-col-100 elementor-top-column elementor-element elementor-element-5056da2\" data-id=\"5056da2\" data-element_type=\"column\">\n\t\t\t<div class=\"elementor-widget-wrap elementor-element-populated\">\n\t\t\t\t\t\t<div class=\"elementor-element elementor-element-7682f25 elementor-skin-carousel elementor-arrows-yes elementor-pagination-type-bullets elementor-pagination-position-outside elementor-widget elementor-widget-media-carousel\" data-id=\"7682f25\" data-element_type=\"widget\" data-settings=\"{&quot;skin&quot;:&quot;carousel&quot;,&quot;effect&quot;:&quot;slide&quot;,&quot;show_arrows&quot;:&quot;yes&quot;,&quot;pagination&quot;:&quot;bullets&quot;,&quot;speed&quot;:500,&quot;autoplay&quot;:&quot;yes&quot;,&quot;autoplay_speed&quot;:5000,&quot;loop&quot;:&quot;yes&quot;,&quot;pause_on_hover&quot;:&quot;yes&quot;,&quot;pause_on_interaction&quot;:&quot;yes&quot;,&quot;space_between&quot;:{&quot;unit&quot;:&quot;px&quot;,&quot;size&quot;:10,&quot;sizes&quot;:[]},&quot;space_between_tablet&quot;:{&quot;unit&quot;:&quot;px&quot;,&quot;size&quot;:10,&quot;sizes&quot;:[]},&quot;space_between_mobile&quot;:{&quot;unit&quot;:&quot;px&quot;,&quot;size&quot;:10,&quot;sizes&quot;:[]}}\" data-widget_type=\"media-carousel.default\">\n\t\t\t\t<div class=\"elementor-widget-container\">\n\t\t\t\t\t<div class=\"elementor-swiper\">\n\t\t\t<div class=\"elementor-main-swiper swiper\">\n\t\t\t\t<div class=\"swiper-wrapper\">\n\t\t\t\t\t\t\t\t\t\t\t<div class=\"swiper-slide\">\n\t\t\t\t\t\t\t\t\t<div class=\"elementor-carousel-image lazyload\" role=\"img\" aria-label=\"IMG_3757\" style=\"background-image:inherit\" data-bg-image=\"url(&#039;https:\/\/brandoncaritg.es\/wp-content\/uploads\/2024\/09\/IMG_3757-scaled.jpeg&#039;)\">\n\n\t\t\t\n\t\t\t\t\t<\/div>\n\t\t\t\t\t\t\t\t<\/div>\n\t\t\t\t\t\t\t\t\t\t\t<div class=\"swiper-slide\">\n\t\t\t\t\t\t\t\t\t<div class=\"elementor-carousel-image lazyload\" role=\"img\" aria-label=\"IMG_3722\" style=\"background-image:inherit\" data-bg-image=\"url(&#039;https:\/\/brandoncaritg.es\/wp-content\/uploads\/2024\/09\/IMG_3722-scaled.jpeg&#039;)\">\n\n\t\t\t\n\t\t\t\t\t<\/div>\n\t\t\t\t\t\t\t\t<\/div>\n\t\t\t\t\t\t\t\t\t\t\t<div class=\"swiper-slide\">\n\t\t\t\t\t\t\t\t\t<div class=\"elementor-carousel-image lazyload\" role=\"img\" aria-label=\"IMG_3988\" style=\"background-image:inherit\" data-bg-image=\"url(&#039;https:\/\/brandoncaritg.es\/wp-content\/uploads\/2024\/09\/IMG_3988-scaled.jpeg&#039;)\">\n\n\t\t\t\n\t\t\t\t\t<\/div>\n\t\t\t\t\t\t\t\t<\/div>\n\t\t\t\t\t\t\t\t\t\t\t<div class=\"swiper-slide\">\n\t\t\t\t\t\t\t\t\t<div class=\"elementor-carousel-image lazyload\" role=\"img\" aria-label=\"DSC04307\" style=\"background-image:inherit\" data-bg-image=\"url(&#039;https:\/\/brandoncaritg.es\/wp-content\/uploads\/2024\/09\/DSC04307-scaled.jpeg&#039;)\">\n\n\t\t\t\n\t\t\t\t\t<\/div>\n\t\t\t\t\t\t\t\t<\/div>\n\t\t\t\t\t\t\t\t\t\t\t<div class=\"swiper-slide\">\n\t\t\t\t\t\t\t\t\t<div class=\"elementor-carousel-image lazyload\" role=\"img\" aria-label=\"DSC04177\" style=\"background-image:inherit\" data-bg-image=\"url(&#039;https:\/\/brandoncaritg.es\/wp-content\/uploads\/2024\/09\/DSC04177-scaled.jpeg&#039;)\">\n\n\t\t\t\n\t\t\t\t\t<\/div>\n\t\t\t\t\t\t\t\t<\/div>\n\t\t\t\t\t\t\t\t\t\t\t<div class=\"swiper-slide\">\n\t\t\t\t\t\t\t\t\t<div class=\"elementor-carousel-image lazyload\" role=\"img\" aria-label=\"DSC04301\" style=\"background-image:inherit\" data-bg-image=\"url(&#039;https:\/\/brandoncaritg.es\/wp-content\/uploads\/2024\/09\/DSC04301-scaled.jpeg&#039;)\">\n\n\t\t\t\n\t\t\t\t\t<\/div>\n\t\t\t\t\t\t\t\t<\/div>\n\t\t\t\t\t\t\t\t\t\t\t<div class=\"swiper-slide\">\n\t\t\t\t\t\t\t\t\t<div class=\"elementor-carousel-image lazyload\" role=\"img\" aria-label=\"IMG_3783\" style=\"background-image:inherit\" data-bg-image=\"url(&#039;https:\/\/brandoncaritg.es\/wp-content\/uploads\/2024\/09\/IMG_3783-scaled.jpeg&#039;)\">\n\n\t\t\t\n\t\t\t\t\t<\/div>\n\t\t\t\t\t\t\t\t<\/div>\n\t\t\t\t\t\t\t\t\t\t\t<div class=\"swiper-slide\">\n\t\t\t\t\t\t\t\t\t<div class=\"elementor-carousel-image lazyload\" role=\"img\" aria-label=\"IMG_3970\" style=\"background-image:inherit\" data-bg-image=\"url(&#039;https:\/\/brandoncaritg.es\/wp-content\/uploads\/2024\/09\/IMG_3970-scaled.jpeg&#039;)\">\n\n\t\t\t\n\t\t\t\t\t<\/div>\n\t\t\t\t\t\t\t\t<\/div>\n\t\t\t\t\t\t\t\t\t\t\t<div class=\"swiper-slide\">\n\t\t\t\t\t\t\t\t\t<div class=\"elementor-carousel-image lazyload\" role=\"img\" aria-label=\"DSC04256\" style=\"background-image:inherit\" data-bg-image=\"url(&#039;https:\/\/brandoncaritg.es\/wp-content\/uploads\/2024\/09\/DSC04256-scaled.jpeg&#039;)\">\n\n\t\t\t\n\t\t\t\t\t<\/div>\n\t\t\t\t\t\t\t\t<\/div>\n\t\t\t\t\t\t\t\t\t\t\t<div class=\"swiper-slide\">\n\t\t\t\t\t\t\t\t\t<div class=\"elementor-carousel-image lazyload\" role=\"img\" aria-label=\"IMG_0647\" style=\"background-image:inherit\" data-bg-image=\"url(&#039;https:\/\/brandoncaritg.es\/wp-content\/uploads\/2024\/09\/IMG_0647.jpeg&#039;)\">\n\n\t\t\t\n\t\t\t\t\t<\/div>\n\t\t\t\t\t\t\t\t<\/div>\n\t\t\t\t\t\t\t\t\t\t\t<div class=\"swiper-slide\">\n\t\t\t\t\t\t\t\t\t<div class=\"elementor-carousel-image lazyload\" role=\"img\" aria-label=\"3C4A9835-2\" style=\"background-image:inherit\" data-bg-image=\"url(&#039;https:\/\/brandoncaritg.es\/wp-content\/uploads\/2023\/06\/3C4A9835-2.jpg&#039;)\">\n\n\t\t\t\n\t\t\t\t\t<\/div>\n\t\t\t\t\t\t\t\t<\/div>\n\t\t\t\t\t\t\t\t\t\t\t<div class=\"swiper-slide\">\n\t\t\t\t\t\t\t\t\t<div class=\"elementor-carousel-image lazyload\" role=\"img\" aria-label=\"Brandon_06\" style=\"background-image:inherit\" data-bg-image=\"url(&#039;https:\/\/brandoncaritg.es\/wp-content\/uploads\/2024\/02\/Brandon_06-1.jpg&#039;)\">\n\n\t\t\t\n\t\t\t\t\t<\/div>\n\t\t\t\t\t\t\t\t<\/div>\n\t\t\t\t\t\t\t\t\t\t\t<div class=\"swiper-slide\">\n\t\t\t\t\t\t\t\t\t<div class=\"elementor-carousel-image lazyload\" role=\"img\" aria-label=\"IMG_5681\" style=\"background-image:inherit\" data-bg-image=\"url(&#039;https:\/\/brandoncaritg.es\/wp-content\/uploads\/2023\/01\/IMG_5681-scaled.jpeg&#039;)\">\n\n\t\t\t\n\t\t\t\t\t<\/div>\n\t\t\t\t\t\t\t\t<\/div>\n\t\t\t\t\t\t\t\t\t\t\t<div class=\"swiper-slide\">\n\t\t\t\t\t\t\t\t\t<div class=\"elementor-carousel-image lazyload\" role=\"img\" aria-label=\"3C4A9671-2\" style=\"background-image:inherit\" data-bg-image=\"url(&#039;https:\/\/brandoncaritg.es\/wp-content\/uploads\/2023\/06\/3C4A9671-2.jpg&#039;)\">\n\n\t\t\t\n\t\t\t\t\t<\/div>\n\t\t\t\t\t\t\t\t<\/div>\n\t\t\t\t\t\t\t\t\t\t\t<div class=\"swiper-slide\">\n\t\t\t\t\t\t\t\t\t<div class=\"elementor-carousel-image lazyload\" role=\"img\" aria-label=\"IMG_5875\" style=\"background-image:inherit\" data-bg-image=\"url(&#039;https:\/\/brandoncaritg.es\/wp-content\/uploads\/2023\/01\/IMG_5875-scaled.jpeg&#039;)\">\n\n\t\t\t\n\t\t\t\t\t<\/div>\n\t\t\t\t\t\t\t\t<\/div>\n\t\t\t\t\t\t\t\t\t<\/div>\n\t\t\t\t\t\t\t\t\t\t\t\t\t\t\t<div class=\"swiper-pagination\"><\/div>\n\t\t\t\t\t\t\t\t\t\t\t\t\t\t\t\t<div class=\"elementor-swiper-button elementor-swiper-button-prev\" role=\"button\" tabindex=\"0\">\n\t\t\t\t\t\t\t<i aria-hidden=\"true\" class=\"eicon-chevron-left\"><\/i>\t\t\t\t\t\t\t<span class=\"elementor-screen-only\">Previous<\/span>\n\t\t\t\t\t\t<\/div>\n\t\t\t\t\t\t<div class=\"elementor-swiper-button elementor-swiper-button-next\" role=\"button\" tabindex=\"0\">\n\t\t\t\t\t\t\t<i aria-hidden=\"true\" class=\"eicon-chevron-right\"><\/i>\t\t\t\t\t\t\t<span class=\"elementor-screen-only\">Next<\/span>\n\t\t\t\t\t\t<\/div>\n\t\t\t\t\t\t\t\t\t\t\t\t<\/div>\n\t\t<\/div>\n\t\t\t\t<\/div>\n\t\t\t\t<\/div>\n\t\t\t\t\t<\/div>\n\t\t<\/div>\n\t\t\t\t\t<\/div>\n\t\t<\/section>\n\t\t\t\t<section class=\"elementor-section elementor-top-section elementor-element elementor-element-3e524ee elementor-section-boxed elementor-section-height-default elementor-section-height-default\" data-id=\"3e524ee\" data-element_type=\"section\">\n\t\t\t\t\t\t<div class=\"elementor-container elementor-column-gap-default\">\n\t\t\t\t\t<div class=\"elementor-column elementor-col-100 elementor-top-column elementor-element elementor-element-14a2f14\" data-id=\"14a2f14\" data-element_type=\"column\">\n\t\t\t<div class=\"elementor-widget-wrap elementor-element-populated\">\n\t\t\t\t\t\t<div class=\"elementor-element elementor-element-52bb5ef elementor-skin-carousel elementor-arrows-yes elementor-pagination-type-bullets elementor-pagination-position-outside elementor-widget elementor-widget-media-carousel\" data-id=\"52bb5ef\" data-element_type=\"widget\" data-settings=\"{&quot;skin&quot;:&quot;carousel&quot;,&quot;effect&quot;:&quot;slide&quot;,&quot;show_arrows&quot;:&quot;yes&quot;,&quot;pagination&quot;:&quot;bullets&quot;,&quot;speed&quot;:500,&quot;autoplay&quot;:&quot;yes&quot;,&quot;autoplay_speed&quot;:5000,&quot;loop&quot;:&quot;yes&quot;,&quot;pause_on_hover&quot;:&quot;yes&quot;,&quot;pause_on_interaction&quot;:&quot;yes&quot;,&quot;space_between&quot;:{&quot;unit&quot;:&quot;px&quot;,&quot;size&quot;:10,&quot;sizes&quot;:[]},&quot;space_between_tablet&quot;:{&quot;unit&quot;:&quot;px&quot;,&quot;size&quot;:10,&quot;sizes&quot;:[]},&quot;space_between_mobile&quot;:{&quot;unit&quot;:&quot;px&quot;,&quot;size&quot;:10,&quot;sizes&quot;:[]}}\" data-widget_type=\"media-carousel.default\">\n\t\t\t\t<div class=\"elementor-widget-container\">\n\t\t\t\t\t<div class=\"elementor-swiper\">\n\t\t\t<div class=\"elementor-main-swiper swiper\">\n\t\t\t\t<div class=\"swiper-wrapper\">\n\t\t\t\t\t\t\t\t\t\t\t<div class=\"swiper-slide\">\n\t\t\t\t\t\t\t\t\t<div class=\"elementor-carousel-image lazyload\" role=\"img\" aria-label=\"883bb0c6-6c03-4d38-9048-120e1ddb1dfe\" style=\"background-image:inherit\" data-bg-image=\"url(&#039;https:\/\/brandoncaritg.es\/wp-content\/uploads\/2024\/03\/883bb0c6-6c03-4d38-9048-120e1ddb1dfe.jpg&#039;)\">\n\n\t\t\t\n\t\t\t\t\t<\/div>\n\t\t\t\t\t\t\t\t<\/div>\n\t\t\t\t\t\t\t\t\t\t\t<div class=\"swiper-slide\">\n\t\t\t\t\t\t\t\t\t<div class=\"elementor-carousel-image lazyload\" role=\"img\" aria-label=\"6ac6463b-2113-49b8-a4a6-4375c6e24b68\" style=\"background-image:inherit\" data-bg-image=\"url(&#039;https:\/\/brandoncaritg.es\/wp-content\/uploads\/2024\/03\/6ac6463b-2113-49b8-a4a6-4375c6e24b68.jpg&#039;)\">\n\n\t\t\t\n\t\t\t\t\t<\/div>\n\t\t\t\t\t\t\t\t<\/div>\n\t\t\t\t\t\t\t\t\t\t\t<div class=\"swiper-slide\">\n\t\t\t\t\t\t\t\t\t<div class=\"elementor-carousel-image lazyload\" role=\"img\" aria-label=\"1cd070cf-cdbb-4c9f-b1ac-1fd246aead54\" style=\"background-image:inherit\" data-bg-image=\"url(&#039;https:\/\/brandoncaritg.es\/wp-content\/uploads\/2024\/03\/1cd070cf-cdbb-4c9f-b1ac-1fd246aead54.jpg&#039;)\">\n\n\t\t\t\n\t\t\t\t\t<\/div>\n\t\t\t\t\t\t\t\t<\/div>\n\t\t\t\t\t\t\t\t\t\t\t<div class=\"swiper-slide\">\n\t\t\t\t\t\t\t\t\t<div class=\"elementor-carousel-image lazyload\" role=\"img\" aria-label=\"IMG_7466\" style=\"background-image:inherit\" data-bg-image=\"url(&#039;https:\/\/brandoncaritg.es\/wp-content\/uploads\/2024\/03\/IMG_7466.jpg&#039;)\">\n\n\t\t\t\n\t\t\t\t\t<\/div>\n\t\t\t\t\t\t\t\t<\/div>\n\t\t\t\t\t\t\t\t\t\t\t<div class=\"swiper-slide\">\n\t\t\t\t\t\t\t\t\t<div class=\"elementor-carousel-image lazyload\" role=\"img\" aria-label=\"IMG_6445\" style=\"background-image:inherit\" data-bg-image=\"url(&#039;https:\/\/brandoncaritg.es\/wp-content\/uploads\/2024\/03\/IMG_6445-scaled.jpg&#039;)\">\n\n\t\t\t\n\t\t\t\t\t<\/div>\n\t\t\t\t\t\t\t\t<\/div>\n\t\t\t\t\t\t\t\t\t\t\t<div class=\"swiper-slide\">\n\t\t\t\t\t\t\t\t\t<div class=\"elementor-carousel-image lazyload\" role=\"img\" aria-label=\"ff8c1b2d-6be1-4b12-a5fa-f03a77a6fa35\" style=\"background-image:inherit\" data-bg-image=\"url(&#039;https:\/\/brandoncaritg.es\/wp-content\/uploads\/2024\/03\/ff8c1b2d-6be1-4b12-a5fa-f03a77a6fa35.jpg&#039;)\">\n\n\t\t\t\n\t\t\t\t\t<\/div>\n\t\t\t\t\t\t\t\t<\/div>\n\t\t\t\t\t\t\t\t\t\t\t<div class=\"swiper-slide\">\n\t\t\t\t\t\t\t\t\t<div class=\"elementor-carousel-image lazyload\" role=\"img\" aria-label=\"ea2786a2-916d-4885-9262-ab7c75c8a205\" style=\"background-image:inherit\" data-bg-image=\"url(&#039;https:\/\/brandoncaritg.es\/wp-content\/uploads\/2024\/03\/ea2786a2-916d-4885-9262-ab7c75c8a205.jpg&#039;)\">\n\n\t\t\t\n\t\t\t\t\t<\/div>\n\t\t\t\t\t\t\t\t<\/div>\n\t\t\t\t\t\t\t\t\t\t\t<div class=\"swiper-slide\">\n\t\t\t\t\t\t\t\t\t<div class=\"elementor-carousel-image lazyload\" role=\"img\" aria-label=\"bbf2a5e6-9582-4c90-8d1e-032b50ced409\" style=\"background-image:inherit\" data-bg-image=\"url(&#039;https:\/\/brandoncaritg.es\/wp-content\/uploads\/2024\/03\/bbf2a5e6-9582-4c90-8d1e-032b50ced409.jpg&#039;)\">\n\n\t\t\t\n\t\t\t\t\t<\/div>\n\t\t\t\t\t\t\t\t<\/div>\n\t\t\t\t\t\t\t\t\t\t\t<div class=\"swiper-slide\">\n\t\t\t\t\t\t\t\t\t<div class=\"elementor-carousel-image lazyload\" role=\"img\" aria-label=\"IMG_7465\" style=\"background-image:inherit\" data-bg-image=\"url(&#039;https:\/\/brandoncaritg.es\/wp-content\/uploads\/2024\/03\/IMG_7465.jpg&#039;)\">\n\n\t\t\t\n\t\t\t\t\t<\/div>\n\t\t\t\t\t\t\t\t<\/div>\n\t\t\t\t\t\t\t\t\t\t\t<div class=\"swiper-slide\">\n\t\t\t\t\t\t\t\t\t<div class=\"elementor-carousel-image lazyload\" role=\"img\" aria-label=\"0ee372e4-40fa-4e50-8dab-d5cb598fa075\" style=\"background-image:inherit\" data-bg-image=\"url(&#039;https:\/\/brandoncaritg.es\/wp-content\/uploads\/2024\/03\/0ee372e4-40fa-4e50-8dab-d5cb598fa075.jpg&#039;)\">\n\n\t\t\t\n\t\t\t\t\t<\/div>\n\t\t\t\t\t\t\t\t<\/div>\n\t\t\t\t\t\t\t\t\t\t\t<div class=\"swiper-slide\">\n\t\t\t\t\t\t\t\t\t<div class=\"elementor-carousel-image lazyload\" role=\"img\" aria-label=\"a92fb438-13c8-40e9-b692-b02944b32c90\" style=\"background-image:inherit\" data-bg-image=\"url(&#039;https:\/\/brandoncaritg.es\/wp-content\/uploads\/2024\/03\/a92fb438-13c8-40e9-b692-b02944b32c90.jpg&#039;)\">\n\n\t\t\t\n\t\t\t\t\t<\/div>\n\t\t\t\t\t\t\t\t<\/div>\n\t\t\t\t\t\t\t\t\t\t\t<div class=\"swiper-slide\">\n\t\t\t\t\t\t\t\t\t<div class=\"elementor-carousel-image lazyload\" role=\"img\" aria-label=\"6067f6cd-c9ba-42a3-8d9f-d621111002df\" style=\"background-image:inherit\" data-bg-image=\"url(&#039;https:\/\/brandoncaritg.es\/wp-content\/uploads\/2024\/03\/6067f6cd-c9ba-42a3-8d9f-d621111002df.jpg&#039;)\">\n\n\t\t\t\n\t\t\t\t\t<\/div>\n\t\t\t\t\t\t\t\t<\/div>\n\t\t\t\t\t\t\t\t\t<\/div>\n\t\t\t\t\t\t\t\t\t\t\t\t\t\t\t<div class=\"swiper-pagination\"><\/div>\n\t\t\t\t\t\t\t\t\t\t\t\t\t\t\t\t<div class=\"elementor-swiper-button elementor-swiper-button-prev\" role=\"button\" tabindex=\"0\">\n\t\t\t\t\t\t\t<i aria-hidden=\"true\" class=\"eicon-chevron-left\"><\/i>\t\t\t\t\t\t\t<span class=\"elementor-screen-only\">Previous<\/span>\n\t\t\t\t\t\t<\/div>\n\t\t\t\t\t\t<div class=\"elementor-swiper-button elementor-swiper-button-next\" role=\"button\" tabindex=\"0\">\n\t\t\t\t\t\t\t<i aria-hidden=\"true\" class=\"eicon-chevron-right\"><\/i>\t\t\t\t\t\t\t<span class=\"elementor-screen-only\">Next<\/span>\n\t\t\t\t\t\t<\/div>\n\t\t\t\t\t\t\t\t\t\t\t\t<\/div>\n\t\t<\/div>\n\t\t\t\t<\/div>\n\t\t\t\t<\/div>\n\t\t\t\t\t<\/div>\n\t\t<\/div>\n\t\t\t\t\t<\/div>\n\t\t<\/section>\n\t\t\t\t<section class=\"elementor-section elementor-top-section elementor-element elementor-element-a374646 elementor-section-boxed elementor-section-height-default elementor-section-height-default\" data-id=\"a374646\" data-element_type=\"section\" data-settings=\"{&quot;background_background&quot;:&quot;classic&quot;}\">\n\t\t\t\t\t\t<div class=\"elementor-container elementor-column-gap-default\">\n\t\t\t\t\t<div class=\"elementor-column elementor-col-100 elementor-top-column elementor-element elementor-element-057de19\" data-id=\"057de19\" data-element_type=\"column\">\n\t\t\t<div class=\"elementor-widget-wrap elementor-element-populated\">\n\t\t\t\t\t\t<div class=\"elementor-element elementor-element-5fd9ff4 e-transform elementor-shape-rounded elementor-grid-0 e-grid-align-center elementor-widget elementor-widget-social-icons\" data-id=\"5fd9ff4\" data-element_type=\"widget\" data-settings=\"{&quot;_transform_scale_effect&quot;:{&quot;unit&quot;:&quot;px&quot;,&quot;size&quot;:&quot;&quot;,&quot;sizes&quot;:[]},&quot;_transform_scale_effect_tablet&quot;:{&quot;unit&quot;:&quot;px&quot;,&quot;size&quot;:&quot;&quot;,&quot;sizes&quot;:[]},&quot;_transform_scale_effect_mobile&quot;:{&quot;unit&quot;:&quot;px&quot;,&quot;size&quot;:&quot;&quot;,&quot;sizes&quot;:[]}}\" data-widget_type=\"social-icons.default\">\n\t\t\t\t<div class=\"elementor-widget-container\">\n\t\t\t\t\t<div class=\"elementor-social-icons-wrapper elementor-grid\">\n\t\t\t\t\t\t\t<span class=\"elementor-grid-item\">\n\t\t\t\t\t<a class=\"elementor-icon elementor-social-icon elementor-social-icon-instagram elementor-repeater-item-df152e2\" href=\"https:\/\/www.instagram.com\/brandon_caritg\/?hl=es\" target=\"_blank\" rel=\"noopener\">\n\t\t\t\t\t\t<span class=\"elementor-screen-only\">Instagram<\/span>\n\t\t\t\t\t\t<i class=\"fab fa-instagram\"><\/i>\t\t\t\t\t<\/a>\n\t\t\t\t<\/span>\n\t\t\t\t\t\t\t<span class=\"elementor-grid-item\">\n\t\t\t\t\t<a class=\"elementor-icon elementor-social-icon elementor-social-icon-imdb elementor-repeater-item-ddea2b6\" href=\"https:\/\/www.imdb.com\/name\/nm11524084\/\" target=\"_blank\" rel=\"noopener\">\n\t\t\t\t\t\t<span class=\"elementor-screen-only\">Imdb<\/span>\n\t\t\t\t\t\t<i class=\"fab fa-imdb\"><\/i>\t\t\t\t\t<\/a>\n\t\t\t\t<\/span>\n\t\t\t\t\t<\/div>\n\t\t\t\t<\/div>\n\t\t\t\t<\/div>\n\t\t\t\t\t<\/div>\n\t\t<\/div>\n\t\t\t\t\t<\/div>\n\t\t<\/section>\n\t\t\t\t<\/div>","protected":false},"excerpt":{"rendered":"<p>Esta es mi historia. Me llamo Brandon Caritg y mi gran pasi\u00f3n es actuar. Llevo desde los 16 a\u00f1os form\u00e1ndome como actor y actualmente estoy realizando los Estudios Superiores de Arte Dram\u00e1tico en el Institut del Teatre en la especialidad de texto. El a\u00f1o 2022 me gradu\u00e9 en Estudios Superiores de Interpretaci\u00f3n en Plat\u00f3 de [&hellip;]<\/p>","protected":false},"author":1,"featured_media":0,"parent":0,"menu_order":0,"comment_status":"closed","ping_status":"closed","template":"elementor_header_footer","meta":[],"_links":{"self":[{"href":"https:\/\/brandoncaritg.es\/ca\/wp-json\/wp\/v2\/pages\/15"}],"collection":[{"href":"https:\/\/brandoncaritg.es\/ca\/wp-json\/wp\/v2\/pages"}],"about":[{"href":"https:\/\/brandoncaritg.es\/ca\/wp-json\/wp\/v2\/types\/page"}],"author":[{"embeddable":true,"href":"https:\/\/brandoncaritg.es\/ca\/wp-json\/wp\/v2\/users\/1"}],"replies":[{"embeddable":true,"href":"https:\/\/brandoncaritg.es\/ca\/wp-json\/wp\/v2\/comments?post=15"}],"version-history":[{"count":164,"href":"https:\/\/brandoncaritg.es\/ca\/wp-json\/wp\/v2\/pages\/15\/revisions"}],"predecessor-version":[{"id":4038,"href":"https:\/\/brandoncaritg.es\/ca\/wp-json\/wp\/v2\/pages\/15\/revisions\/4038"}],"wp:attachment":[{"href":"https:\/\/brandoncaritg.es\/ca\/wp-json\/wp\/v2\/media?parent=15"}],"curies":[{"name":"wp","href":"https:\/\/api.w.org\/{rel}","templated":true}]}}